{"id":46,"date":"2024-01-16T11:58:02","date_gmt":"2024-01-16T14:58:02","guid":{"rendered":"http:\/\/fbvm.com.br\/?page_id=46"},"modified":"2024-05-10T15:37:05","modified_gmt":"2024-05-10T18:37:05","slug":"inicio","status":"publish","type":"page","link":"https:\/\/fbvm.com.br\/","title":{"rendered":"In\u00edcio"},"content":{"rendered":"\t\t<div data-elementor-type=\"wp-page\" data-elementor-id=\"46\" class=\"elementor elementor-46\" data-elementor-post-type=\"page\">\n\t\t\t\t<div class=\"elementor-element elementor-element-e807fc8 e-flex e-con-boxed e-con e-parent\" data-id=\"e807fc8\" data-element_type=\"container\">\n\t\t\t\t\t<div class=\"e-con-inner\">\n\t\t<div class=\"elementor-element elementor-element-f8d90aa e-con-full e-flex e-con e-child\" data-id=\"f8d90aa\" data-element_type=\"container\">\n\t\t\t\t<div class=\"elementor-element elementor-element-edc42ff elementor-widget-tablet__width-initial elementor-widget-mobile__width-initial elementor-widget elementor-widget-text-editor\" data-id=\"edc42ff\" data-element_type=\"widget\" data-widget_type=\"text-editor.default\">\n\t\t\t\t<div class=\"elementor-widget-container\">\n\t\t\t<style>\/*! elementor - v3.23.0 - 05-08-2024 *\/\n.elementor-widget-text-editor.elementor-drop-cap-view-stacked .elementor-drop-cap{background-color:#69727d;color:#fff}.elementor-widget-text-editor.elementor-drop-cap-view-framed .elementor-drop-cap{color:#69727d;border:3px solid;background-color:transparent}.elementor-widget-text-editor:not(.elementor-drop-cap-view-default) .elementor-drop-cap{margin-top:8px}.elementor-widget-text-editor:not(.elementor-drop-cap-view-default) .elementor-drop-cap-letter{width:1em;height:1em}.elementor-widget-text-editor .elementor-drop-cap{float:left;text-align:center;line-height:1;font-size:50px}.elementor-widget-text-editor .elementor-drop-cap-letter{display:inline-block}<\/style>\t\t\t\t<p>Entre em contato <a href=\"mailto:federacaofbvm@gmail.com\" target=\"_blank\" rel=\"noopener\"><strong>federacaofbvm@gmail.com<\/strong><\/a><\/p>\t\t\t\t\t\t<\/div>\n\t\t\t\t<\/div>\n\t\t\t\t<\/div>\n\t\t<div class=\"elementor-element elementor-element-e07ea28 e-con-full e-flex e-con e-child\" data-id=\"e07ea28\" data-element_type=\"container\">\n\t\t\t\t<div class=\"elementor-element elementor-element-013d650 elementor-widget-tablet__width-initial elementor-widget elementor-widget-text-editor\" data-id=\"013d650\" data-element_type=\"widget\" data-widget_type=\"text-editor.default\">\n\t\t\t\t<div class=\"elementor-widget-container\">\n\t\t\t\t\t\t\t<p>Siga-nos no Instagram e apoie nossa causa <a href=\"https:\/\/www.instagram.com\/federacaofbvm\/\" target=\"_blank\" rel=\"noopener\"><strong>Clicando Aqui!<\/strong><\/a><\/p>\t\t\t\t\t\t<\/div>\n\t\t\t\t<\/div>\n\t\t\t\t<\/div>\n\t\t\t\t\t<\/div>\n\t\t\t\t<\/div>\n\t\t<div class=\"elementor-element elementor-element-14f4c73 e-flex e-con-boxed e-con e-parent\" data-id=\"14f4c73\" data-element_type=\"container\">\n\t\t\t\t\t<div class=\"e-con-inner\">\n\t\t\t\t<div class=\"elementor-element elementor-element-e26a16b elementor-widget elementor-widget-image\" data-id=\"e26a16b\" data-element_type=\"widget\" data-widget_type=\"image.default\">\n\t\t\t\t<div class=\"elementor-widget-container\">\n\t\t\t<style>\/*! elementor - v3.23.0 - 05-08-2024 *\/\n.elementor-widget-image{text-align:center}.elementor-widget-image a{display:inline-block}.elementor-widget-image a img[src$=\".svg\"]{width:48px}.elementor-widget-image img{vertical-align:middle;display:inline-block}<\/style>\t\t\t\t\t\t\t\t\t\t<img decoding=\"async\" src=\"https:\/\/fbvm.com.br\/wp-content\/uploads\/2024\/01\/FBVM_Large.png\" title=\"FBVM_Large\" alt=\"FBVM_Large\" loading=\"lazy\" \/>\t\t\t\t\t\t\t\t\t\t\t\t\t<\/div>\n\t\t\t\t<\/div>\n\t\t\t\t<div class=\"elementor-element elementor-element-77a9bc6 elementor-widget elementor-widget-image\" data-id=\"77a9bc6\" data-element_type=\"widget\" data-widget_type=\"image.default\">\n\t\t\t\t<div class=\"elementor-widget-container\">\n\t\t\t\t\t\t\t\t\t\t\t\t\t<img fetchpriority=\"high\" decoding=\"async\" width=\"800\" height=\"450\" src=\"https:\/\/fbvm.com.br\/wp-content\/uploads\/2024\/01\/Packshot.png\" class=\"attachment-full size-full wp-image-163\" alt=\"\" \/>\t\t\t\t\t\t\t\t\t\t\t\t\t<\/div>\n\t\t\t\t<\/div>\n\t\t\t\t\t<\/div>\n\t\t\t\t<\/div>\n\t\t<div class=\"elementor-element elementor-element-82549b7 e-flex e-con-boxed e-con e-parent\" data-id=\"82549b7\" data-element_type=\"container\">\n\t\t\t\t\t<div class=\"e-con-inner\">\n\t\t\t\t<div class=\"elementor-element elementor-element-8e9e4c9 elementor-widget elementor-widget-text-editor\" data-id=\"8e9e4c9\" data-element_type=\"widget\" data-widget_type=\"text-editor.default\">\n\t\t\t\t<div class=\"elementor-widget-container\">\n\t\t\t\t\t\t\t<p>A comunidade dos propriet\u00e1rios de VE\u00cdCULOS E MOTOCILETAS MODIFICADOS do Brasil, reivindica junto \u00e0s autoridades e \u00f3rg\u00e3os respons\u00e1veis, que, um novo modelo de placa de identifica\u00e7\u00e3o veicular, seja adotado e implementado para atender a demanda de ve\u00edculos, que passaram por modifica\u00e7\u00f5es dentro da legisla\u00e7\u00e3o do CONTRAN e SENATRAN.<\/p><p>Esse \u00e9 um pleito que a FBVM (Federa\u00e7\u00e3o Brasileira de Ve\u00edculos Modificados) apoia junto \u00e0s autoridades de tr\u00e2nsito a n\u00edvel nacional; Mas entende que somente a ampla mobiliza\u00e7\u00e3o demonstrada e documentada tem o poder de levar adiante tal projeto.<\/p><p>Por conta disto, a FBVM (Federa\u00e7\u00e3o Brasileira de Ve\u00edculos Modificados), solicita aos propriet\u00e1rios de VEICULOS E MOTOCICLETAS MODIFICADOS, que ainda n\u00e3o aderiram ao projeto, que assinem de imediato esse pedido, para que o mesmo possa ser encaminhado \u00e0s autoridades competentes.<\/p>\t\t\t\t\t\t<\/div>\n\t\t\t\t<\/div>\n\t\t\t\t\t<\/div>\n\t\t\t\t<\/div>\n\t\t<div class=\"elementor-element elementor-element-5b73b62 e-flex e-con-boxed e-con e-parent\" data-id=\"5b73b62\" data-element_type=\"container\">\n\t\t\t\t\t<div class=\"e-con-inner\">\n\t\t<div class=\"elementor-element elementor-element-ecbb30b e-con-full e-flex e-con e-child\" data-id=\"ecbb30b\" data-element_type=\"container\">\n\t\t\t\t<div class=\"elementor-element elementor-element-e41abaa elementor-widget elementor-widget-heading\" data-id=\"e41abaa\" data-element_type=\"widget\" data-widget_type=\"heading.default\">\n\t\t\t\t<div class=\"elementor-widget-container\">\n\t\t\t<style>\/*! elementor - v3.23.0 - 05-08-2024 *\/\n.elementor-heading-title{padding:0;margin:0;line-height:1}.elementor-widget-heading .elementor-heading-title[class*=elementor-size-]>a{color:inherit;font-size:inherit;line-height:inherit}.elementor-widget-heading .elementor-heading-title.elementor-size-small{font-size:15px}.elementor-widget-heading .elementor-heading-title.elementor-size-medium{font-size:19px}.elementor-widget-heading .elementor-heading-title.elementor-size-large{font-size:29px}.elementor-widget-heading .elementor-heading-title.elementor-size-xl{font-size:39px}.elementor-widget-heading .elementor-heading-title.elementor-size-xxl{font-size:59px}<\/style><h2 class=\"elementor-heading-title elementor-size-default\">Junte-se a campanha!<\/h2>\t\t<\/div>\n\t\t\t\t<\/div>\n\t\t\t\t<\/div>\n\t\t<div class=\"elementor-element elementor-element-d7fa55b e-con-full e-flex e-con e-child\" data-id=\"d7fa55b\" data-element_type=\"container\">\n\t\t\t\t<div class=\"elementor-element elementor-element-fc1382b elementor-widget elementor-widget-button\" data-id=\"fc1382b\" data-element_type=\"widget\" data-widget_type=\"button.default\">\n\t\t\t\t<div class=\"elementor-widget-container\">\n\t\t\t\t\t<div class=\"elementor-button-wrapper\">\n\t\t\t<a class=\"elementor-button elementor-button-link elementor-size-sm\" href=\"https:\/\/secure.avaaz.org\/community_petitions\/po\/contran_e_senatran_placa_de_identificacao_veicular_para_veiculos_modificados\/?cTysMtb&#038;utm_source=sharetools&#038;utm_medium=copy&#038;utm_campaign=petition-1719506-placa_de_identificacao_veicular_para_veiculos_modificados&#038;utm_term=cTysMtb%2Bpo\" target=\"_blank\">\n\t\t\t\t\t\t<span class=\"elementor-button-content-wrapper\">\n\t\t\t\t\t\t<span class=\"elementor-button-icon\">\n\t\t\t\t<svg aria-hidden=\"true\" class=\"e-font-icon-svg e-fas-pen\" viewBox=\"0 0 512 512\" xmlns=\"http:\/\/www.w3.org\/2000\/svg\"><path d=\"M290.74 93.24l128.02 128.02-277.99 277.99-114.14 12.6C11.35 513.54-1.56 500.62.14 485.34l12.7-114.22 277.9-277.88zm207.2-19.06l-60.11-60.11c-18.75-18.75-49.16-18.75-67.91 0l-56.55 56.55 128.02 128.02 56.55-56.55c18.75-18.76 18.75-49.16 0-67.91z\"><\/path><\/svg>\t\t\t<\/span>\n\t\t\t\t\t\t\t\t\t<span class=\"elementor-button-text\">Assinar peti\u00e7\u00e3o online<\/span>\n\t\t\t\t\t<\/span>\n\t\t\t\t\t<\/a>\n\t\t<\/div>\n\t\t\t\t<\/div>\n\t\t\t\t<\/div>\n\t\t\t\t<\/div>\n\t\t\t\t\t<\/div>\n\t\t\t\t<\/div>\n\t\t<div class=\"elementor-element elementor-element-f6addc3 e-flex e-con-boxed e-con e-parent\" data-id=\"f6addc3\" data-element_type=\"container\">\n\t\t\t\t\t<div class=\"e-con-inner\">\n\t\t<div class=\"elementor-element elementor-element-0bf04f4 e-con-full e-flex e-con e-child\" data-id=\"0bf04f4\" data-element_type=\"container\">\n\t\t\t\t<div class=\"elementor-element elementor-element-afbdb4a elementor-widget elementor-widget-heading\" data-id=\"afbdb4a\" data-element_type=\"widget\" data-widget_type=\"heading.default\">\n\t\t\t\t<div class=\"elementor-widget-container\">\n\t\t\t<h2 class=\"elementor-heading-title elementor-size-default\">Cadastre-se e receba todas as novidades do processo!<\/h2>\t\t<\/div>\n\t\t\t\t<\/div>\n\t\t\t\t<\/div>\n\t\t<div class=\"elementor-element elementor-element-4724c7c e-con-full e-flex e-con e-child\" data-id=\"4724c7c\" data-element_type=\"container\">\n\t\t\t\t<div class=\"elementor-element elementor-element-6cb3670 elementor-button-align-stretch elementor-widget elementor-widget-form\" data-id=\"6cb3670\" data-element_type=\"widget\" data-settings=\"{&quot;step_next_label&quot;:&quot;Pr\\u00f3ximo&quot;,&quot;step_previous_label&quot;:&quot;Anterior&quot;,&quot;button_width&quot;:&quot;100&quot;,&quot;step_type&quot;:&quot;number_text&quot;,&quot;step_icon_shape&quot;:&quot;circle&quot;}\" data-widget_type=\"form.default\">\n\t\t\t\t<div class=\"elementor-widget-container\">\n\t\t\t<style>\/*! elementor-pro - v3.23.0 - 05-08-2024 *\/\n.elementor-button.elementor-hidden,.elementor-hidden{display:none}.e-form__step{width:100%}.e-form__step:not(.elementor-hidden){display:flex;flex-wrap:wrap}.e-form__buttons{flex-wrap:wrap}.e-form__buttons,.e-form__buttons__wrapper{display:flex}.e-form__indicators{display:flex;justify-content:space-between;align-items:center;flex-wrap:nowrap;font-size:13px;margin-bottom:var(--e-form-steps-indicators-spacing)}.e-form__indicators__indicator{display:flex;flex-direction:column;align-items:center;justify-content:center;flex-basis:0;padding:0 var(--e-form-steps-divider-gap)}.e-form__indicators__indicator__progress{width:100%;position:relative;background-color:var(--e-form-steps-indicator-progress-background-color);border-radius:var(--e-form-steps-indicator-progress-border-radius);overflow:hidden}.e-form__indicators__indicator__progress__meter{width:var(--e-form-steps-indicator-progress-meter-width,0);height:var(--e-form-steps-indicator-progress-height);line-height:var(--e-form-steps-indicator-progress-height);padding-right:15px;border-radius:var(--e-form-steps-indicator-progress-border-radius);background-color:var(--e-form-steps-indicator-progress-color);color:var(--e-form-steps-indicator-progress-meter-color);text-align:right;transition:width .1s linear}.e-form__indicators__indicator:first-child{padding-left:0}.e-form__indicators__indicator:last-child{padding-right:0}.e-form__indicators__indicator--state-inactive{color:var(--e-form-steps-indicator-inactive-primary-color,#c2cbd2)}.e-form__indicators__indicator--state-inactive [class*=indicator--shape-]:not(.e-form__indicators__indicator--shape-none){background-color:var(--e-form-steps-indicator-inactive-secondary-color,#fff)}.e-form__indicators__indicator--state-inactive object,.e-form__indicators__indicator--state-inactive svg{fill:var(--e-form-steps-indicator-inactive-primary-color,#c2cbd2)}.e-form__indicators__indicator--state-active{color:var(--e-form-steps-indicator-active-primary-color,#39b54a);border-color:var(--e-form-steps-indicator-active-secondary-color,#fff)}.e-form__indicators__indicator--state-active [class*=indicator--shape-]:not(.e-form__indicators__indicator--shape-none){background-color:var(--e-form-steps-indicator-active-secondary-color,#fff)}.e-form__indicators__indicator--state-active object,.e-form__indicators__indicator--state-active svg{fill:var(--e-form-steps-indicator-active-primary-color,#39b54a)}.e-form__indicators__indicator--state-completed{color:var(--e-form-steps-indicator-completed-secondary-color,#fff)}.e-form__indicators__indicator--state-completed [class*=indicator--shape-]:not(.e-form__indicators__indicator--shape-none){background-color:var(--e-form-steps-indicator-completed-primary-color,#39b54a)}.e-form__indicators__indicator--state-completed .e-form__indicators__indicator__label{color:var(--e-form-steps-indicator-completed-primary-color,#39b54a)}.e-form__indicators__indicator--state-completed .e-form__indicators__indicator--shape-none{color:var(--e-form-steps-indicator-completed-primary-color,#39b54a);background-color:initial}.e-form__indicators__indicator--state-completed object,.e-form__indicators__indicator--state-completed svg{fill:var(--e-form-steps-indicator-completed-secondary-color,#fff)}.e-form__indicators__indicator__icon{width:var(--e-form-steps-indicator-padding,30px);height:var(--e-form-steps-indicator-padding,30px);font-size:var(--e-form-steps-indicator-icon-size);border-width:1px;border-style:solid;display:flex;justify-content:center;align-items:center;overflow:hidden;margin-bottom:10px}.e-form__indicators__indicator__icon img,.e-form__indicators__indicator__icon object,.e-form__indicators__indicator__icon svg{width:var(--e-form-steps-indicator-icon-size);height:auto}.e-form__indicators__indicator__icon .e-font-icon-svg{height:1em}.e-form__indicators__indicator__number{width:var(--e-form-steps-indicator-padding,30px);height:var(--e-form-steps-indicator-padding,30px);border-width:1px;border-style:solid;display:flex;justify-content:center;align-items:center;margin-bottom:10px}.e-form__indicators__indicator--shape-circle{border-radius:50%}.e-form__indicators__indicator--shape-square{border-radius:0}.e-form__indicators__indicator--shape-rounded{border-radius:5px}.e-form__indicators__indicator--shape-none{border:0}.e-form__indicators__indicator__label{text-align:center}.e-form__indicators__indicator__separator{width:100%;height:var(--e-form-steps-divider-width);background-color:#babfc5}.e-form__indicators--type-icon,.e-form__indicators--type-icon_text,.e-form__indicators--type-number,.e-form__indicators--type-number_text{align-items:flex-start}.e-form__indicators--type-icon .e-form__indicators__indicator__separator,.e-form__indicators--type-icon_text .e-form__indicators__indicator__separator,.e-form__indicators--type-number .e-form__indicators__indicator__separator,.e-form__indicators--type-number_text .e-form__indicators__indicator__separator{margin-top:calc(var(--e-form-steps-indicator-padding, 30px) \/ 2 - var(--e-form-steps-divider-width, 1px) \/ 2)}.elementor-field-type-hidden{display:none}.elementor-field-type-html{display:inline-block}.elementor-field-type-tel input{direction:inherit}.elementor-login .elementor-lost-password,.elementor-login .elementor-remember-me{font-size:.85em}.elementor-field-type-recaptcha_v3 .elementor-field-label{display:none}.elementor-field-type-recaptcha_v3 .grecaptcha-badge{z-index:1}.elementor-button .elementor-form-spinner{order:3}.elementor-form .elementor-button .elementor-button-content-wrapper{align-items:center}.elementor-form .elementor-button .elementor-button-text{white-space:normal}.elementor-form .elementor-button svg{height:auto}.elementor-form .elementor-button .e-font-icon-svg{height:1em}.elementor-form .elementor-button .elementor-button-content-wrapper{gap:5px}.elementor-form .elementor-button .elementor-button-icon,.elementor-form .elementor-button .elementor-button-text{flex-grow:unset;order:unset}.elementor-select-wrapper .select-caret-down-wrapper{position:absolute;top:50%;transform:translateY(-50%);inset-inline-end:10px;pointer-events:none;font-size:11px}.elementor-select-wrapper .select-caret-down-wrapper svg{display:unset;width:1em;aspect-ratio:unset;fill:currentColor}.elementor-select-wrapper .select-caret-down-wrapper i{font-size:19px;line-height:2}.elementor-select-wrapper.remove-before:before{content:\"\"!important}.elementor-message-svg:before{content:\"\";width:1em;height:1em;background-image:url(\"data:image\/svg+xml;base64,PHN2ZyB3aWR0aD0iMTQiIGhlaWdodD0iMTEiIGZpbGw9Im5vbmUiIHhtbG5zPSJodHRwOi8vd3d3LnczLm9yZy8yMDAwL3N2ZyI+PHBhdGggZmlsbC1ydWxlPSJldmVub2RkIiBjbGlwLXJ1bGU9ImV2ZW5vZGQiIGQ9Ik00Ljc1IDguMTVMMS42IDUgLjU1IDYuMDVsNC4yIDQuMiA5LTlMMTIuNy4yIDQuNzUgOC4xNXoiIGZpbGw9IiMwMDhBMjAiLz48L3N2Zz4=\");background-position:50%;background-repeat:no-repeat}<\/style>\t\t<form class=\"elementor-form\" method=\"post\" name=\"Novo formul\u00e1rio\">\n\t\t\t<input type=\"hidden\" name=\"post_id\" value=\"46\"\/>\n\t\t\t<input type=\"hidden\" name=\"form_id\" value=\"6cb3670\"\/>\n\t\t\t<input type=\"hidden\" name=\"referer_title\" value=\"\" \/>\n\n\t\t\t\n\t\t\t<div class=\"elementor-form-fields-wrapper elementor-labels-above\">\n\t\t\t\t\t\t\t\t<div class=\"elementor-field-type-text elementor-field-group elementor-column elementor-field-group-name elementor-col-100\">\n\t\t\t\t\t\t\t\t\t\t\t\t\t<input size=\"1\" type=\"text\" name=\"form_fields[name]\" id=\"form-field-name\" class=\"elementor-field elementor-size-sm  elementor-field-textual\" placeholder=\"Nome\">\n\t\t\t\t\t\t\t\t\t\t\t<\/div>\n\t\t\t\t\t\t\t\t<div class=\"elementor-field-type-email elementor-field-group elementor-column elementor-field-group-email elementor-col-100 elementor-field-required\">\n\t\t\t\t\t\t\t\t\t\t\t\t\t<input size=\"1\" type=\"email\" name=\"form_fields[email]\" id=\"form-field-email\" class=\"elementor-field elementor-size-sm  elementor-field-textual\" placeholder=\"E-mail\" required=\"required\" aria-required=\"true\">\n\t\t\t\t\t\t\t\t\t\t\t<\/div>\n\t\t\t\t\t\t\t\t<div class=\"elementor-field-type-tel elementor-field-group elementor-column elementor-field-group-field_8690229 elementor-col-100\">\n\t\t\t\t\t\t\t<input size=\"1\" type=\"tel\" name=\"form_fields[field_8690229]\" id=\"form-field-field_8690229\" class=\"elementor-field elementor-size-sm  elementor-field-textual\" placeholder=\"Celular\" pattern=\"[0-9()#&amp;+*-=.]+\" title=\"Only numbers and phone characters (#, -, *, etc) are accepted.\">\n\n\t\t\t\t\t\t<\/div>\n\t\t\t\t\t\t\t\t<div class=\"elementor-field-group elementor-column elementor-field-type-submit elementor-col-100 e-form__buttons\">\n\t\t\t\t\t<button class=\"elementor-button elementor-size-sm\" type=\"submit\">\n\t\t\t\t\t\t<span class=\"elementor-button-content-wrapper\">\n\t\t\t\t\t\t\t\t\t\t\t\t\t\t\t\t\t\t\t\t\t\t<span class=\"elementor-button-text\">Enviar<\/span>\n\t\t\t\t\t\t\t\t\t\t\t\t\t<\/span>\n\t\t\t\t\t<\/button>\n\t\t\t\t<\/div>\n\t\t\t<\/div>\n\t\t<\/form>\n\t\t\t\t<\/div>\n\t\t\t\t<\/div>\n\t\t\t\t<\/div>\n\t\t\t\t\t<\/div>\n\t\t\t\t<\/div>\n\t\t<div class=\"elementor-element elementor-element-9352ae5 e-flex e-con-boxed e-con e-parent\" data-id=\"9352ae5\" data-element_type=\"container\">\n\t\t\t\t\t<div class=\"e-con-inner\">\n\t\t\t\t<div class=\"elementor-element elementor-element-68b9044 elementor-widget elementor-widget-heading\" data-id=\"68b9044\" data-element_type=\"widget\" data-widget_type=\"heading.default\">\n\t\t\t\t<div class=\"elementor-widget-container\">\n\t\t\t<h2 class=\"elementor-heading-title elementor-size-default\">Grande mudan\u00e7a proposta atrav\u00e9s do Projeto de Lei 410\/22<\/h2>\t\t<\/div>\n\t\t\t\t<\/div>\n\t\t\t\t<div class=\"elementor-element elementor-element-70c14f5 elementor-widget elementor-widget-text-editor\" data-id=\"70c14f5\" data-element_type=\"widget\" data-widget_type=\"text-editor.default\">\n\t\t\t\t<div class=\"elementor-widget-container\">\n\t\t\t\t\t\t\t<p>O Projeto de Lei 410\/22, proposto pelo Deputado Luis Miranda, foi aprovado pela C\u00e2mara dos Deputados em Dezembro de 2022. Essa medida busca eliminar a necessidade de autoriza\u00e7\u00e3o pr\u00e9via para a modifica\u00e7\u00e3o de ve\u00edculos em geral. Anteriormente, tais modifica\u00e7\u00f5es requeriam aprova\u00e7\u00e3o dos \u00f3rg\u00e3os competentes, como o Detran.<\/p><p>Com a aprova\u00e7\u00e3o da nova lei, certas altera\u00e7\u00f5es, como, o rebaixamento de um ve\u00edculo, n\u00e3o teria como exig\u00eancia a autoriza\u00e7\u00e3o pr\u00e9via dos \u00f3rg\u00e3os; embora os ve\u00edculos modificados ainda precisem passar por uma vistoria para garantir a seguran\u00e7a. Al\u00e9m disso, a lei permite adapta\u00e7\u00f5es especiais em ve\u00edculos para uso n\u00e3o convencional, como em casos de resgate em desastres naturais.<\/p><p>No entanto, altera\u00e7\u00f5es na suspens\u00e3o ou nos eixos de ve\u00edculos de carga ou transporte de passageiros que n\u00e3o estejam de acordo com o C\u00f3digo de Tr\u00e2nsito resultariam em infra\u00e7\u00e3o grav\u00edssima, sujeita a multas, com penalidades dobradas em caso de reincid\u00eancia.<\/p><p>O Deputado Luis Miranda justifica a medida afirmando que, \u201cenquanto o Estado falha em acompanhar a evolu\u00e7\u00e3o tecnol\u00f3gica, a popula\u00e7\u00e3o \u00e9 impedida de desenvolver ve\u00edculos mais eficientes ou \u00e9 for\u00e7ada a operar na ilegalidade, sujeita a penalidades\u201d.<\/p><p>Ap\u00f3s as fortes chuvas que atingiram o estado do Rio Grande do Sul, desde o dia 29 de abril, causando a maior enchente desde 1941, diversos volunt\u00e1rios an\u00f4nimos, famosos, influencer e empres\u00e1rios se moveram para ajudar e socorrer os moradores das \u00e1reas atingidas. Com o uso de helic\u00f3pteros, caminh\u00f5es, barcos, jet skis e os carros Off-Road, que por sua vez possuem suspens\u00e3o elevadas e pneus maiores para conseguir ter acesso a todos os moradores da regi\u00e3o.<br \/><br \/>Diante dessa situa\u00e7\u00e3o o uso de todo o equipamento dispon\u00edvel e o meio de transporte \u00e9 fundamental para salvar todos os moradores e os animais. E devido ao grande desempenho dos volunt\u00e1rios com seus ve\u00edculos Off-Roads para salvar as vidas em meio \u00e0 trag\u00e9dia, o relator na Comiss\u00e3o de Avia\u00e7\u00e3o e Transporte, Darci de Matos, informou que o Senador Jorge Seif (PL) de Santa Catarina foi designado pelo Senador Davi Alcolumbre (Uni\u00e3o Brasil), para ser o relator na CCJ (Comiss\u00e3o de Constitui\u00e7\u00e3o, Justi\u00e7a e Cidadania), do projeto; para posteriormente ser levado e aprovado no plen\u00e1rio para virar lei onde ser\u00e1 permitido o uso dos ve\u00edculos modificados com suspens\u00e3o elevada ou rebaixados.<\/p><p>Vale lembrar, que em meio a in\u00fameras not\u00edcias de resgate no Rio Grande do Sul, ap\u00f3s as fortes chuvas, que circulam na m\u00eddia, os ve\u00edculos modificados, especificamente os Off Roads em geral, tem feito grande diferen\u00e7a, devido as condi\u00e7\u00f5es dos locais atingidos. Por isso, \u00e9 importante respeitar as diferen\u00e7as, de acordo com o momento. Ressaltamos que, a seguran\u00e7a vem sempre em primeiro lugar, e toda e qualquer altera\u00e7\u00e3o, respaldada ou n\u00e3o pela lei, deve sempre zelar pela seguran\u00e7a do condutor e do pedestre.<\/p><p>Enaltecemos a participa\u00e7\u00e3o ativa dos v\u00e1rios estilos de adeptos e apaixonados por carros e motos, sejam eles, os antigomobilistas, Moto Clubes, modificados e Off Road, seja, atrav\u00e9s de mobiliza\u00e7\u00f5es para arrecada\u00e7\u00e3o de doa\u00e7\u00f5es ou atuando diretamente nas buscas e salvamentos, como \u00e9 o caso dos grupos de Off Road, que tem se deslocado at\u00e9 as cidades atingidas, para realizar a\u00e7\u00f5es importantes em conjunto com as for\u00e7as de resgate.<\/p>\t\t\t\t\t\t<\/div>\n\t\t\t\t<\/div>\n\t\t\t\t\t<\/div>\n\t\t\t\t<\/div>\n\t\t\t\t<\/div>\n\t\t","protected":false},"excerpt":{"rendered":"<p>Entre em contato federacaofbvm@gmail.com Siga-nos no Instagram e apoie nossa causa Clicando Aqui! A comunidade dos propriet\u00e1rios de VE\u00cdCULOS E MOTOCILETAS MODIFICADOS do Brasil, reivindica junto \u00e0s autoridades e \u00f3rg\u00e3os respons\u00e1veis, que, um novo modelo de placa de identifica\u00e7\u00e3o veicular, seja adotado e implementado para atender a demanda de ve\u00edculos, que passaram por modifica\u00e7\u00f5es dentro [&hellip;]<\/p>\n","protected":false},"author":4,"featured_media":0,"parent":0,"menu_order":0,"comment_status":"open","ping_status":"closed","template":"elementor_header_footer","meta":{"footnotes":""},"_links":{"self":[{"href":"https:\/\/fbvm.com.br\/index.php?rest_route=\/wp\/v2\/pages\/46"}],"collection":[{"href":"https:\/\/fbvm.com.br\/index.php?rest_route=\/wp\/v2\/pages"}],"about":[{"href":"https:\/\/fbvm.com.br\/index.php?rest_route=\/wp\/v2\/types\/page"}],"author":[{"embeddable":true,"href":"https:\/\/fbvm.com.br\/index.php?rest_route=\/wp\/v2\/users\/4"}],"replies":[{"embeddable":true,"href":"https:\/\/fbvm.com.br\/index.php?rest_route=%2Fwp%2Fv2%2Fcomments&post=46"}],"version-history":[{"count":136,"href":"https:\/\/fbvm.com.br\/index.php?rest_route=\/wp\/v2\/pages\/46\/revisions"}],"predecessor-version":[{"id":203,"href":"https:\/\/fbvm.com.br\/index.php?rest_route=\/wp\/v2\/pages\/46\/revisions\/203"}],"wp:attachment":[{"href":"https:\/\/fbvm.com.br\/index.php?rest_route=%2Fwp%2Fv2%2Fmedia&parent=46"}],"curies":[{"name":"wp","href":"https:\/\/api.w.org\/{rel}","templated":true}]}}